{"id":904,"date":"2017-10-20T10:42:42","date_gmt":"2017-10-20T10:42:42","guid":{"rendered":"https:\/\/www.first.org.mx\/fm\/?page_id=904"},"modified":"2022-11-09T22:42:58","modified_gmt":"2022-11-09T22:42:58","slug":"info-box-2","status":"publish","type":"page","link":"https:\/\/www.first.org.mx\/fm\/info-box-2\/","title":{"rendered":"FTC Herramientas"},"content":{"rendered":"<section class=\"wpb-content-wrapper\"><p>[vc_row][vc_column width=&#8221;1\/3&#8243;]<div class=\"media rt-info-box  layout3\" style=\"\">\n    <div class=\"rtin-icon rounded\" style=\"\">\n                    <i class=\"fas fa-caret-square-right\" aria-hidden=\"true\" style=\"padding: 27px 22px;\"><\/i>\n            <\/div>\n    <div class=\"media-body\">\n        <h3 class=\"media-heading\" style=\"\"><a href=\"https:\/\/www.youtube.com\/playlist?list=PLEuGrYl8iBm4A4yrRcatGcK7q0od0LYov\">Block tutorial<\/a><\/h3>\n                    <p class=\"mb0\" style=\"\">Connect to Programming Mode &#8211; Blocks<\/p>\n<p><\/p>\n            <\/div>\n    <div class=\"clear\"><\/div>\n<\/div>[\/vc_column][vc_column width=&#8221;1\/3&#8243;]<div class=\"media rt-info-box  layout3\" style=\"\">\n    <div class=\"rtin-icon rounded\" style=\"\">\n                    <i class=\"fab fa-youtube-square\" aria-hidden=\"true\" style=\"padding: 27px 32px;\"><\/i>\n            <\/div>\n    <div class=\"media-body\">\n        <h3 class=\"media-heading\" style=\"\"><a href=\"https:\/\/www.youtube.com\/user\/FIRSTTechChallenge\">Youtube FTC channel<\/a><\/h3>\n                    <p class=\"mb0\" style=\"\">En FIRST\u00ae Tech Challenge, peque\u00f1os equipos de estudiantes de 12 a 18 a\u00f1os dise\u00f1an, construyen, codifican y operan robots para competir en emocionantes competencias.<\/p>\n<p>https:\/\/www.youtube.com\/user\/FIRSTTechChallenge<\/p>\n            <\/div>\n    <div class=\"clear\"><\/div>\n<\/div>[\/vc_column][vc_column width=&#8221;1\/3&#8243;]<div class=\"media rt-info-box  layout3\" style=\"\">\n    <div class=\"rtin-icon rounded\" style=\"\">\n                    <i class=\"fab fa-youtube-square\" aria-hidden=\"true\" style=\"padding: 27px 28px;\"><\/i>\n            <\/div>\n    <div class=\"media-body\">\n        <h3 class=\"media-heading\" style=\"\"><a href=\"https:\/\/www.youtube.com\/watch?v=Jd29kzjclV0&amp;t=0s\">Sobre FIRST Robotics Competition (2021)<\/a><\/h3>\n                    <p class=\"mb0\" style=\"\">FIRST\u00ae Robotics Competition es la competencia de rob\u00f3tica hist\u00f3rica para estudiantes. Bajo reglas estrictas, con tiempo y recursos limitados, los equipos de la escuela secundaria utilizan tecnolog\u00eda sofisticada para construir y codificar robots de tama\u00f1o industrial para un juego de campo desafiante.<\/p>\n            <\/div>\n    <div class=\"clear\"><\/div>\n<\/div>[\/vc_column][\/vc_row]<\/p>\n<\/section>","protected":false},"excerpt":{"rendered":"<p>[vc_row][vc_column width=&#8221;1\/3&#8243;][\/vc_column][vc_column width=&#8221;1\/3&#8243;][\/vc_column][vc_column width=&#8221;1\/3&#8243;][\/vc_column][\/vc_row]<\/p>\n","protected":false},"author":1,"featured_media":0,"parent":0,"menu_order":0,"comment_status":"closed","ping_status":"closed","template":"","meta":{"footnotes":""},"class_list":["post-904","page","type-page","status-publish","hentry"],"_links":{"self":[{"href":"https:\/\/www.first.org.mx\/fm\/wp-json\/wp\/v2\/pages\/904","targetHints":{"allow":["GET"]}}],"collection":[{"href":"https:\/\/www.first.org.mx\/fm\/wp-json\/wp\/v2\/pages"}],"about":[{"href":"https:\/\/www.first.org.mx\/fm\/wp-json\/wp\/v2\/types\/page"}],"author":[{"embeddable":true,"href":"https:\/\/www.first.org.mx\/fm\/wp-json\/wp\/v2\/users\/1"}],"replies":[{"embeddable":true,"href":"https:\/\/www.first.org.mx\/fm\/wp-json\/wp\/v2\/comments?post=904"}],"version-history":[{"count":2,"href":"https:\/\/www.first.org.mx\/fm\/wp-json\/wp\/v2\/pages\/904\/revisions"}],"predecessor-version":[{"id":2314,"href":"https:\/\/www.first.org.mx\/fm\/wp-json\/wp\/v2\/pages\/904\/revisions\/2314"}],"wp:attachment":[{"href":"https:\/\/www.first.org.mx\/fm\/wp-json\/wp\/v2\/media?parent=904"}],"curies":[{"name":"wp","href":"https:\/\/api.w.org\/{rel}","templated":true}]}}