{"id":889,"date":"2017-10-20T10:21:05","date_gmt":"2017-10-20T10:21:05","guid":{"rendered":"https:\/\/www.first.org.mx\/fm\/?page_id=889"},"modified":"2022-11-09T17:46:37","modified_gmt":"2022-11-09T17:46:37","slug":"info-box-1","status":"publish","type":"page","link":"https:\/\/www.first.org.mx\/fm\/info-box-1\/","title":{"rendered":"Caja de herramientas"},"content":{"rendered":"<section class=\"wpb-content-wrapper\"><p>[vc_row][vc_column width=&#8221;1\/4&#8243;]<div class=\"media rt-info-box  layout2\" style=\"\">\n    <div class=\"rtin-icon rounded\" style=\"\">\n                    <i class=\"fas fa-video\" aria-hidden=\"true\" style=\"\"><\/i>\n            <\/div>\n    <div class=\"media-body\">\n        <h3 class=\"media-heading\" style=\"\"><a href=\"https:\/\/www.firstinspires.org\/resource-library\/ftc\/technology-information-and-resources\">M\u00e1s de 999 tutoriales gratuitos<\/a><\/h3>\n                    <p class=\"mb0\" style=\"\">Tipo de contenido: FIRST Tech Challenge<br \/>\nEtiquetas: <a href=\"https:\/\/www.firstinspires.org\/resource-library\/ftc\/technology-information-and-resources\">Construcci\u00f3n\/ensamblaje de robots, Kit de robot, Equipo, T\u00e9cnico<\/a><\/p>\n            <\/div>\n    <div class=\"clear\"><\/div>\n<\/div>[\/vc_column][vc_column width=&#8221;1\/4&#8243;]<div class=\"media rt-info-box  layout2\" style=\"\">\n    <div class=\"rtin-icon rounded\" style=\"\">\n                    <i class=\"fas fa-laptop-code\" aria-hidden=\"true\" style=\"\"><\/i>\n            <\/div>\n    <div class=\"media-body\">\n        <h3 class=\"media-heading\" style=\"\"><a href=\"https:\/\/ftc-docs.firstinspires.org\/programming_resources\/index.html\">Lecturas especializadas<\/a><\/h3>\n                    <p class=\"mb0\" style=\"\"><a href=\"https:\/\/ftc-docs.firstinspires.org\/programming_resources\/index.html\">Herramienta de programaci\u00f3n Java de OnBot<\/a>: una herramienta de desarrollo de Java f\u00e1cil de usar y basada en navegador. OnBot Java permite a los usuarios programar en Java sin necesidad de instalar Android Studio.<\/p>\n            <\/div>\n    <div class=\"clear\"><\/div>\n<\/div>[\/vc_column][vc_column width=&#8221;1\/4&#8243;]<div class=\"media rt-info-box  layout2\" style=\"\">\n    <div class=\"rtin-icon rounded\" style=\"\">\n                    <i class=\"fas fa-graduation-cap\" aria-hidden=\"true\" style=\"\"><\/i>\n            <\/div>\n    <div class=\"media-body\">\n        <h3 class=\"media-heading\" style=\"\"><a href=\"https:\/\/www.firstinspires.org\/robotics\/team-grants\">Becas para la comunidad<\/a><\/h3>\n                    <p class=\"mb0\" style=\"\">FIRST se enorgullece de compartir estas oportunidades de financiamiento de subvenciones de nuestros patrocinadores. Se publicar\u00e1n nuevas oportunidades de subvenciones a lo largo del a\u00f1o, as\u00ed que vuelva a consultar con <a href=\"https:\/\/www.firstinspires.org\/robotics\/team-grants\">frecuencia<\/a>.<\/p>\n            <\/div>\n    <div class=\"clear\"><\/div>\n<\/div>[\/vc_column][vc_column width=&#8221;1\/4&#8243;]<div class=\"media rt-info-box  layout2\" style=\"\">\n    <div class=\"rtin-icon rounded\" style=\"\">\n                    <i class=\"fas fa-tools\" aria-hidden=\"true\" style=\"\"><\/i>\n            <\/div>\n    <div class=\"media-body\">\n        <h3 class=\"media-heading\" style=\"\"><a href=\"https:\/\/www.firstinspires.org\/node\/5181\">Recursos de construcci\u00f3n<\/a><\/h3>\n                    <p class=\"mb0\" style=\"\">Tipo de contenido: FIRST Tech Challenge<br \/>\nEtiquetas: <a href=\"https:\/\/www.firstinspires.org\/node\/5181\">Construcci\u00f3n\/ensamblaje de robots, Kit de robot, Equipo, T\u00e9cnico<\/a><\/p>\n            <\/div>\n    <div class=\"clear\"><\/div>\n<\/div>[\/vc_column][\/vc_row]<\/p>\n<\/section>","protected":false},"excerpt":{"rendered":"<p>[vc_row][vc_column width=&#8221;1\/4&#8243;][\/vc_column][vc_column width=&#8221;1\/4&#8243;][\/vc_column][vc_column width=&#8221;1\/4&#8243;][\/vc_column][vc_column width=&#8221;1\/4&#8243;][\/vc_column][\/vc_row]<\/p>\n","protected":false},"author":1,"featured_media":0,"parent":0,"menu_order":0,"comment_status":"closed","ping_status":"closed","template":"","meta":{"footnotes":""},"class_list":["post-889","page","type-page","status-publish","hentry"],"_links":{"self":[{"href":"https:\/\/www.first.org.mx\/fm\/wp-json\/wp\/v2\/pages\/889","targetHints":{"allow":["GET"]}}],"collection":[{"href":"https:\/\/www.first.org.mx\/fm\/wp-json\/wp\/v2\/pages"}],"about":[{"href":"https:\/\/www.first.org.mx\/fm\/wp-json\/wp\/v2\/types\/page"}],"author":[{"embeddable":true,"href":"https:\/\/www.first.org.mx\/fm\/wp-json\/wp\/v2\/users\/1"}],"replies":[{"embeddable":true,"href":"https:\/\/www.first.org.mx\/fm\/wp-json\/wp\/v2\/comments?post=889"}],"version-history":[{"count":5,"href":"https:\/\/www.first.org.mx\/fm\/wp-json\/wp\/v2\/pages\/889\/revisions"}],"predecessor-version":[{"id":2309,"href":"https:\/\/www.first.org.mx\/fm\/wp-json\/wp\/v2\/pages\/889\/revisions\/2309"}],"wp:attachment":[{"href":"https:\/\/www.first.org.mx\/fm\/wp-json\/wp\/v2\/media?parent=889"}],"curies":[{"name":"wp","href":"https:\/\/api.w.org\/{rel}","templated":true}]}}