{"id":871,"date":"2017-10-20T06:10:04","date_gmt":"2017-10-20T06:10:04","guid":{"rendered":"https:\/\/www.first.org.mx\/fm\/?page_id=871"},"modified":"2023-10-17T06:25:58","modified_gmt":"2023-10-17T12:25:58","slug":"events","status":"publish","type":"page","link":"https:\/\/www.first.org.mx\/fm\/events\/","title":{"rendered":"EVENTOS"},"content":{"rendered":"<section class=\"wpb-content-wrapper\"><p>[vc_row][vc_column][vc_column_text]<\/p>\n<h2><strong>BIENVENIDOS<\/strong>.<\/h2>\n<p>El FIRST Tech Challenge en M\u00e9xico, es un programa de un a\u00f1o de duraci\u00f3n, que comienza con los eventos de clasificaci\u00f3n en M\u00e9xico y finaliza con el Campeonato Mundial FIRST Tech Challenge en abril.<\/p>\n<p>El siguiente cuadro detalla los diferentes aspectos de la temporada y cu\u00e1ndo suceden:<\/p>\n<p><img decoding=\"async\" class=\"aligncenter\" src=\"https:\/\/www.firstinspires.org\/sites\/default\/files\/uploads\/resource_library\/ftc\/season-timeline.png\" alt=\"Season Timeline\" \/><\/p>\n<p>\u00a1<strong>Ahora<\/strong>!, la aventura comienza aqu\u00ed. Inicia registrando a tu equipo y participando en un Evento\/Regional que corresponda a tu zona.\u00a0 (puedes participar en m\u00e1s de 1 regional).[\/vc_column_text][\/vc_column][\/vc_row][vc_row][vc_column]<div class=\"rt-vc-event-box\">\n\t\t\t<div class=\"rtin-item\">No Events Available<\/div>\n\t\t<\/div>[\/vc_column][\/vc_row]<\/p>\n<\/section>","protected":false},"excerpt":{"rendered":"<p>[vc_row][vc_column][vc_column_text] BIENVENIDOS. El FIRST Tech Challenge en M\u00e9xico, es un programa de un a\u00f1o de duraci\u00f3n, que comienza con los [&hellip;]<\/p>\n","protected":false},"author":1,"featured_media":0,"parent":0,"menu_order":0,"comment_status":"closed","ping_status":"closed","template":"","meta":{"footnotes":""},"class_list":["post-871","page","type-page","status-publish","hentry"],"_links":{"self":[{"href":"https:\/\/www.first.org.mx\/fm\/wp-json\/wp\/v2\/pages\/871","targetHints":{"allow":["GET"]}}],"collection":[{"href":"https:\/\/www.first.org.mx\/fm\/wp-json\/wp\/v2\/pages"}],"about":[{"href":"https:\/\/www.first.org.mx\/fm\/wp-json\/wp\/v2\/types\/page"}],"author":[{"embeddable":true,"href":"https:\/\/www.first.org.mx\/fm\/wp-json\/wp\/v2\/users\/1"}],"replies":[{"embeddable":true,"href":"https:\/\/www.first.org.mx\/fm\/wp-json\/wp\/v2\/comments?post=871"}],"version-history":[{"count":7,"href":"https:\/\/www.first.org.mx\/fm\/wp-json\/wp\/v2\/pages\/871\/revisions"}],"predecessor-version":[{"id":2770,"href":"https:\/\/www.first.org.mx\/fm\/wp-json\/wp\/v2\/pages\/871\/revisions\/2770"}],"wp:attachment":[{"href":"https:\/\/www.first.org.mx\/fm\/wp-json\/wp\/v2\/media?parent=871"}],"curies":[{"name":"wp","href":"https:\/\/api.w.org\/{rel}","templated":true}]}}