{"id":3866,"date":"2025-09-08T08:54:54","date_gmt":"2025-09-08T14:54:54","guid":{"rendered":"https:\/\/www.first.org.mx\/fm\/?page_id=3866"},"modified":"2025-11-20T06:24:13","modified_gmt":"2025-11-20T12:24:13","slug":"torneo-regional-ftc-cancun-28-y-29-de-noviembre-tecmilenio","status":"publish","type":"page","link":"https:\/\/www.first.org.mx\/fm\/torneo-regional-ftc-cancun-28-y-29-de-noviembre-tecmilenio\/","title":{"rendered":"TORNEO REGIONAL FTC CANC\u00daN 28 y 29 de noviembre\u00a0 *TECMILENIO*"},"content":{"rendered":"\n<div class=\"wp-block-media-text is-stacked-on-mobile\" style=\"grid-template-columns:39% auto\"><figure class=\"wp-block-media-text__media\"><img fetchpriority=\"high\" decoding=\"async\" width=\"833\" height=\"1024\" src=\"https:\/\/www.first.org.mx\/fm\/wp-content\/uploads\/2025\/09\/tecmi-833x1024.png\" alt=\"\" class=\"wp-image-3862 size-full\" srcset=\"https:\/\/www.first.org.mx\/fm\/wp-content\/uploads\/2025\/09\/tecmi-833x1024.png 833w, https:\/\/www.first.org.mx\/fm\/wp-content\/uploads\/2025\/09\/tecmi-244x300.png 244w, https:\/\/www.first.org.mx\/fm\/wp-content\/uploads\/2025\/09\/tecmi-768x944.png 768w, https:\/\/www.first.org.mx\/fm\/wp-content\/uploads\/2025\/09\/tecmi-600x737.png 600w, https:\/\/www.first.org.mx\/fm\/wp-content\/uploads\/2025\/09\/tecmi.png 900w\" sizes=\"(max-width: 833px) 100vw, 833px\" \/><\/figure><div class=\"wp-block-media-text__content\">\n<p>Nos complace darles la bienvenida al&nbsp;<strong>Regional FTC CANC\u00daN<\/strong>, un evento en el que los equipos tendr\u00e1n la oportunidad de demostrar sus habilidades en dise\u00f1o, programaci\u00f3n, estrategia y trabajo en equipo, mientras forman parte de la comunidad de&nbsp;<strong>FIRST Tech Challenge en M\u00e9xico<\/strong>.<\/p>\n\n\n\n<p><\/p>\n\n\n\n<p>Para participar en este regional es&nbsp;<strong>indispensable<\/strong>&nbsp;que el equipo cuente previamente con el&nbsp;<strong>registro de su HOME EVENT<\/strong>. Una vez cumplido este requisito, podr\u00e1n inscribirse en otros regionales adicionales.<\/p>\n\n\n\n<p>En la imagen publicada en esta p\u00e1gina podr\u00e1n consultar los&nbsp;<strong>slots disponibles<\/strong>&nbsp;para esta sede.<\/p>\n\n\n\n<p>El proceso de inscripci\u00f3n debe realizarse en el siguiente orden:<\/p>\n\n\n\n<ol class=\"wp-block-list\">\n<li>Realizar el&nbsp;<strong>pago correspondiente<\/strong>&nbsp;en:&nbsp;<a href=\"https:\/\/www.first.org.mx\/fm\/pa\/?utm_source=chatgpt.com\">https:\/\/www.first.org.mx\/fm\/pa\/<\/a><\/li>\n\n\n\n<li>Completar el&nbsp;<strong>formulario de registro del regional<\/strong>&nbsp;en:&nbsp;<a href=\"https:\/\/forms.gle\/NkY12aBXPH3PM3an8?utm_source=chatgpt.com\">https:\/\/forms.gle\/NkY12aBXPH3PM3an8<\/a><\/li>\n<\/ol>\n<\/div><\/div>\n\n\n\n<p><\/p>\n\n\n<div class=\"wp-block-image\">\n<figure class=\"aligncenter size-full\"><img decoding=\"async\" width=\"940\" height=\"788\" src=\"https:\/\/www.first.org.mx\/fm\/wp-content\/uploads\/2025\/11\/TORNEO-REGIONAL-FTC-CANCUN-28-y-29-de-noviembre-1.png\" alt=\"\" class=\"wp-image-4091\" srcset=\"https:\/\/www.first.org.mx\/fm\/wp-content\/uploads\/2025\/11\/TORNEO-REGIONAL-FTC-CANCUN-28-y-29-de-noviembre-1.png 940w, https:\/\/www.first.org.mx\/fm\/wp-content\/uploads\/2025\/11\/TORNEO-REGIONAL-FTC-CANCUN-28-y-29-de-noviembre-1-300x251.png 300w, https:\/\/www.first.org.mx\/fm\/wp-content\/uploads\/2025\/11\/TORNEO-REGIONAL-FTC-CANCUN-28-y-29-de-noviembre-1-768x644.png 768w, https:\/\/www.first.org.mx\/fm\/wp-content\/uploads\/2025\/11\/TORNEO-REGIONAL-FTC-CANCUN-28-y-29-de-noviembre-1-600x503.png 600w\" sizes=\"(max-width: 940px) 100vw, 940px\" \/><\/figure><\/div>\n\n\n<p>\u00a1Les deseamos mucho \u00e9xito en esta temporada y esperamos verlos en el&nbsp;<strong>Regional FTC CANC\u00daN<\/strong>!<\/p>\n\n\n\n<p>Para cualquier duda o aclaraci\u00f3n, favor de escribirnos al correo:&nbsp;<strong><a>bcamacho@first.org.mx<\/a><\/strong><\/p>\n","protected":false},"excerpt":{"rendered":"<p>\u00a1Les deseamos mucho \u00e9xito en esta temporada y esperamos verlos en el&nbsp;Regional FTC CANC\u00daN! Para cualquier duda o aclaraci\u00f3n, favor [&hellip;]<\/p>\n","protected":false},"author":1,"featured_media":0,"parent":0,"menu_order":0,"comment_status":"closed","ping_status":"closed","template":"","meta":{"footnotes":""},"class_list":["post-3866","page","type-page","status-publish","hentry"],"_links":{"self":[{"href":"https:\/\/www.first.org.mx\/fm\/wp-json\/wp\/v2\/pages\/3866","targetHints":{"allow":["GET"]}}],"collection":[{"href":"https:\/\/www.first.org.mx\/fm\/wp-json\/wp\/v2\/pages"}],"about":[{"href":"https:\/\/www.first.org.mx\/fm\/wp-json\/wp\/v2\/types\/page"}],"author":[{"embeddable":true,"href":"https:\/\/www.first.org.mx\/fm\/wp-json\/wp\/v2\/users\/1"}],"replies":[{"embeddable":true,"href":"https:\/\/www.first.org.mx\/fm\/wp-json\/wp\/v2\/comments?post=3866"}],"version-history":[{"count":9,"href":"https:\/\/www.first.org.mx\/fm\/wp-json\/wp\/v2\/pages\/3866\/revisions"}],"predecessor-version":[{"id":4092,"href":"https:\/\/www.first.org.mx\/fm\/wp-json\/wp\/v2\/pages\/3866\/revisions\/4092"}],"wp:attachment":[{"href":"https:\/\/www.first.org.mx\/fm\/wp-json\/wp\/v2\/media?parent=3866"}],"curies":[{"name":"wp","href":"https:\/\/api.w.org\/{rel}","templated":true}]}}