{"id":3205,"date":"2024-10-08T12:38:31","date_gmt":"2024-10-08T18:38:31","guid":{"rendered":"https:\/\/www.first.org.mx\/fm\/?page_id=3205"},"modified":"2025-09-08T09:30:49","modified_gmt":"2025-09-08T15:30:49","slug":"pa","status":"publish","type":"page","link":"https:\/\/www.first.org.mx\/fm\/pa\/","title":{"rendered":"FORMA DE PAGOS FTC 2025-26 DECODE\u2120 presented by RTX&#8221;"},"content":{"rendered":"\t\t<div data-elementor-type=\"wp-page\" data-elementor-id=\"3205\" class=\"elementor elementor-3205\">\n\t\t\t\t\t\t<section class=\"elementor-section elementor-top-section elementor-element elementor-element-b2abf0d elementor-section-boxed elementor-section-height-default elementor-section-height-default\" data-id=\"b2abf0d\" data-element_type=\"section\" data-e-type=\"section\">\n\t\t\t\t\t\t<div class=\"elementor-container elementor-column-gap-default\">\n\t\t\t\t\t<div class=\"elementor-column elementor-col-100 elementor-top-column elementor-element elementor-element-f48b7b3\" data-id=\"f48b7b3\" data-element_type=\"column\" data-e-type=\"column\">\n\t\t\t<div class=\"elementor-widget-wrap elementor-element-populated\">\n\t\t\t\t\t\t<div class=\"elementor-element elementor-element-05d604d elementor-widget elementor-widget-heading\" data-id=\"05d604d\" data-element_type=\"widget\" data-e-type=\"widget\" data-widget_type=\"heading.default\">\n\t\t\t\t<div class=\"elementor-widget-container\">\n\t\t\t\t\t<h2 class=\"elementor-heading-title elementor-size-default\">FORMAS DE PAGO<\/h2>\t\t\t\t<\/div>\n\t\t\t\t<\/div>\n\t\t\t\t<div class=\"elementor-element elementor-element-fa56b80 elementor-widget elementor-widget-text-editor\" data-id=\"fa56b80\" data-element_type=\"widget\" data-e-type=\"widget\" data-widget_type=\"text-editor.default\">\n\t\t\t\t<div class=\"elementor-widget-container\">\n\t\t\t\t\t\t\t\t\t<p>Podemos recibir el pado del registro mediante una <strong>transferencia electronica<\/strong> o mediante el servicio de <strong>PayPal<\/strong>*<\/p>\t\t\t\t\t\t\t\t<\/div>\n\t\t\t\t<\/div>\n\t\t\t\t\t<\/div>\n\t\t<\/div>\n\t\t\t\t\t<\/div>\n\t\t<\/section>\n\t\t\t\t<section class=\"elementor-section elementor-top-section elementor-element elementor-element-166dbb4 elementor-section-boxed elementor-section-height-default elementor-section-height-default\" data-id=\"166dbb4\" data-element_type=\"section\" data-e-type=\"section\">\n\t\t\t\t\t\t<div class=\"elementor-container elementor-column-gap-default\">\n\t\t\t\t\t<div class=\"elementor-column elementor-col-50 elementor-top-column elementor-element elementor-element-3969ac8\" data-id=\"3969ac8\" data-element_type=\"column\" data-e-type=\"column\">\n\t\t\t<div class=\"elementor-widget-wrap elementor-element-populated\">\n\t\t\t\t\t\t<div class=\"elementor-element elementor-element-31c8530 elementor-widget elementor-widget-heading\" data-id=\"31c8530\" data-element_type=\"widget\" data-e-type=\"widget\" data-widget_type=\"heading.default\">\n\t\t\t\t<div class=\"elementor-widget-container\">\n\t\t\t\t\t<h2 class=\"elementor-heading-title elementor-size-default\">PayPal.<\/h2>\t\t\t\t<\/div>\n\t\t\t\t<\/div>\n\t\t\t\t<div class=\"elementor-element elementor-element-7dd3ebf elementor-widget elementor-widget-text-editor\" data-id=\"7dd3ebf\" data-element_type=\"widget\" data-e-type=\"widget\" data-widget_type=\"text-editor.default\">\n\t\t\t\t<div class=\"elementor-widget-container\">\n\t\t\t\t\t\t\t\t\t<p><img fetchpriority=\"high\" decoding=\"async\" class=\"size-medium wp-image-3854 aligncenter\" src=\"https:\/\/www.first.org.mx\/fm\/wp-content\/uploads\/2025\/09\/REGISTRO-FTC-2-qrcode-300x242.png\" alt=\"\" width=\"300\" height=\"242\" srcset=\"https:\/\/www.first.org.mx\/fm\/wp-content\/uploads\/2025\/09\/REGISTRO-FTC-2-qrcode-300x242.png 300w, https:\/\/www.first.org.mx\/fm\/wp-content\/uploads\/2025\/09\/REGISTRO-FTC-2-qrcode.png 500w\" sizes=\"(max-width: 300px) 100vw, 300px\" \/><\/p><p><span style=\"color: #993300;\"><strong>\u00a1Realiza tu pago de manera f\u00e1cil y segura con <span style=\"color: #000080;\">PayPal<\/span>!<\/strong><\/span><\/p><p>Nos complace informarte que ahora puedes realizar tu pago de inscripci\u00f3n o registro de manera r\u00e1pida y segura utilizando <a href=\"https:\/\/www.paypal.com\/ncp\/payment\/WYQTY7UYNMG76\" target=\"_blank\" rel=\"noopener\"><strong>PayPal<\/strong>.<\/a> Con solo un clic, podr\u00e1s completar tu transacci\u00f3n desde cualquier dispositivo, sin complicaciones.<\/p><h3>Instrucciones:<\/h3><ol><li>Haz clic en el bot\u00f3n de PayPal que encontrar\u00e1s en nuestra p\u00e1gina de registro.<\/li><li>Ingresa tus datos y completa el pago de <strong>[introduce n\u00famero de equipo]<\/strong>.<\/li><li>Recibir\u00e1s un correo electr\u00f3nico con la confirmaci\u00f3n de tu pago de inmediato.<\/li><li><p class=\"p1\">Una vez realizado el pago, debe\u00a0<a href=\"https:\/\/forms.gle\/hmUTqTk5Zif7wGWy6\" target=\"_blank\" rel=\"noopener\">ingresar al formulario<\/a>\u00a0para capturar datos adicionales junto con la evidencia del pago. (<i>ficha del deposito o transferencia<\/i>). <a href=\"https:\/\/forms.gle\/NkY12aBXPH3PM3an8\" target=\"_blank\" rel=\"noopener\">https:\/\/forms.gle\/NkY12aBXPH3PM3an8\u00a0<\/a><\/p><\/li><\/ol><p>\u00a1Aprovecha esta opci\u00f3n conveniente y realiza tu pago sin preocuparte por la seguridad de tus datos!<\/p><p>Si tienes alguna duda o necesitas asistencia, no dudes en contactarnos.\u00a0 <a href=\"mailto:bcamacho@first.org.mx\">bcamacho@first.org.mx\u00a0<\/a><\/p>\t\t\t\t\t\t\t\t<\/div>\n\t\t\t\t<\/div>\n\t\t\t\t<div class=\"elementor-element elementor-element-c6fa1b8 elementor-widget elementor-widget-html\" data-id=\"c6fa1b8\" data-element_type=\"widget\" data-e-type=\"widget\" data-widget_type=\"html.default\">\n\t\t\t\t<div class=\"elementor-widget-container\">\n\t\t\t\t\t<style>.pp-WYQTY7UYNMG76{text-align:center;border:none;border-radius:0.25rem;min-width:11.625rem;padding:0 2rem;height:2.625rem;font-weight:bold;background-color:#FFD140;color:#000000;font-family:\"Helvetica Neue\",Arial,sans-serif;font-size:1rem;line-height:1.25rem;cursor:pointer;}<\/style>\n<form action=\"https:\/\/www.paypal.com\/ncp\/payment\/WYQTY7UYNMG76\" method=\"post\" target=\"_blank\" style=\"display:inline-grid;justify-items:center;align-content:start;gap:0.5rem;\">\n  <input class=\"pp-WYQTY7UYNMG76\" type=\"submit\" value=\"Comprar ahora\" \/>\n  <img src=https:\/\/www.paypalobjects.com\/images\/Debit_Credit_APM.svg alt=\"cards\" \/>\n  <section style=\"font-size: 0.75rem;\"> Con la tecnolog\u00eda de <img decoding=\"async\" src=\"https:\/\/www.paypalobjects.com\/paypal-ui\/logos\/svg\/paypal-wordmark-color.svg\" alt=\"paypal\" style=\"height:0.875rem;vertical-align:middle;\"\/><\/section>\n<\/form>\t\t\t\t<\/div>\n\t\t\t\t<\/div>\n\t\t\t\t\t<\/div>\n\t\t<\/div>\n\t\t\t\t<div class=\"elementor-column elementor-col-50 elementor-top-column elementor-element elementor-element-0b82131\" data-id=\"0b82131\" data-element_type=\"column\" data-e-type=\"column\">\n\t\t\t<div class=\"elementor-widget-wrap elementor-element-populated\">\n\t\t\t\t\t\t<div class=\"elementor-element elementor-element-80d2806 elementor-widget elementor-widget-heading\" data-id=\"80d2806\" data-element_type=\"widget\" data-e-type=\"widget\" data-widget_type=\"heading.default\">\n\t\t\t\t<div class=\"elementor-widget-container\">\n\t\t\t\t\t<h2 class=\"elementor-heading-title elementor-size-default\">TRANSFERENCIA ELECTR\u00d3NICA<\/h2>\t\t\t\t<\/div>\n\t\t\t\t<\/div>\n\t\t\t\t<div class=\"elementor-element elementor-element-052fd4e elementor-widget elementor-widget-text-editor\" data-id=\"052fd4e\" data-element_type=\"widget\" data-e-type=\"widget\" data-widget_type=\"text-editor.default\">\n\t\t\t\t<div class=\"elementor-widget-container\">\n\t\t\t\t\t\t\t\t\t<p><span style=\"color: #993300;\"><b>IMPORTANTE<\/b>.\u00a0<\/span><\/p><p><img decoding=\"async\" src=\"https:\/\/encrypted-tbn0.gstatic.com\/images?q=tbn:ANd9GcSLvGR44FHUGIomgm-Qel-ujZTD3IkyATa3DA&amp;s\" alt=\"Env\u00eda dinero a BANCOMER BBVA en M\u00e9xico | Sharemoney\" \/><\/p><div style=\"text-align: center;\"><p style=\"caret-color: #000000; color: #000000; text-align: start;\"><span style=\"color: #993300;\"><strong>\u00a1Ahora puedes realizar tu pago a trav\u00e9s de transferencia electr\u00f3nica con BBVA!<\/strong><\/span><\/p><p style=\"caret-color: #000000; color: #000000; text-align: start;\">Para mayor comodidad, te ofrecemos la opci\u00f3n de realizar el pago de tu inscripci\u00f3n o registro mediante transferencia bancaria directa.<span style=\"text-align: center; color: var( --e-global-color-text ); font-family: var( --e-global-typography-text-font-family ), Sans-serif; font-weight: var( --e-global-typography-text-font-weight );\">\u00a0<\/span><\/p><\/div><p><span style=\"color: var( --e-global-color-text );\">Puede realizar el pago correspondiente por equipo de <\/span><span style=\"color: #993300;\"><b>$6,960.00 pesos<\/b>.<\/span><span style=\"color: var( --e-global-color-text );\">\u00a0<\/span><i style=\"color: var( --e-global-color-text );\">(IVA incluido)<\/i><span style=\"color: var( --e-global-color-text );\">\u00a0para esta temporada 2024-2025.<\/span><\/p><p>Una vez realizado el pago, debe <a href=\"https:\/\/forms.gle\/NkY12aBXPH3PM3an8\">ingresar al formulario<\/a> para capturar datos adicionales junto con la evidencia del pago. (<i>ficha del deposito o transferencia<\/i>).<\/p><p><a href=\"https:\/\/forms.gle\/NkY12aBXPH3PM3an8\">https:\/\/forms.gle\/NkY12aBXPH3PM3an8<\/a>\u00a0<\/p><p><b>Informaci\u00f3n para pago.<\/b><b><\/b><\/p><p><b>\u00a0 \u00a0 \u00a0 \u00a0 \u00a0 <span style=\"color: #ff6600;\">Nombre:\u00a0<\/span><\/b><span style=\"color: #ff6600;\">Mind Gear S.A. de C.V.<\/span><br \/><span style=\"color: #ff6600;\"><b>\u00a0 \u00a0 \u00a0 \u00a0 \u00a0 Banco:\u00a0<\/b>BBVA<\/span><br \/><span style=\"color: #ff6600;\"><b>\u00a0 \u00a0 \u00a0 \u00a0 \u00a0 Cuenta:\u00a0<\/b>0111005197<\/span><br \/><span style=\"color: #ff6600;\"><b>\u00a0 \u00a0 \u00a0 \u00a0 \u00a0 CLABE:\u00a0<\/b>012 180 00111005197 9<\/span><\/p><h3>Instrucciones:<\/h3><ol><li>Realiza la transferencia desde la aplicaci\u00f3n m\u00f3vil de tu banco o por banca en l\u00ednea.<\/li><li>Una vez completada la transferencia, por favor env\u00edanos el comprobante de pago a\u00a0<a style=\"background-color: #ffffff; transition-property: all;\" href=\"mailto:bcamacho@first.org.mx\">bcamacho@first.org.mx\u00a0<\/a> con tu nombre (coach + info de equipo) y el concepto del pago. <em><span style=\"color: #ff0000;\"><b>(<\/b>capturar el\u00a0n\u00famero de equipo\u00a0en el campo de<b> \u201cREFERENCIA\u201d)<\/b><\/span><\/em><\/li><li>Recibir\u00e1s una confirmaci\u00f3n por correo electr\u00f3nico cuando el pago haya sido procesado.<\/li><\/ol><p>Recuerda que las transferencias electr\u00f3nicas son r\u00e1pidas, seguras y pueden realizarse desde cualquier lugar.<\/p><p>Si tienes alguna pregunta o necesitas m\u00e1s informaci\u00f3n, no dudes en contactarnos.<\/p>\t\t\t\t\t\t\t\t<\/div>\n\t\t\t\t<\/div>\n\t\t\t\t\t<\/div>\n\t\t<\/div>\n\t\t\t\t\t<\/div>\n\t\t<\/section>\n\t\t\t\t<\/div>\n\t\t","protected":false},"excerpt":{"rendered":"<p>FORMAS DE PAGO Podemos recibir el pado del registro mediante una transferencia electronica o mediante el servicio de PayPal* PayPal. [&hellip;]<\/p>\n","protected":false},"author":1,"featured_media":0,"parent":0,"menu_order":0,"comment_status":"closed","ping_status":"closed","template":"","meta":{"footnotes":""},"class_list":["post-3205","page","type-page","status-publish","hentry"],"_links":{"self":[{"href":"https:\/\/www.first.org.mx\/fm\/wp-json\/wp\/v2\/pages\/3205","targetHints":{"allow":["GET"]}}],"collection":[{"href":"https:\/\/www.first.org.mx\/fm\/wp-json\/wp\/v2\/pages"}],"about":[{"href":"https:\/\/www.first.org.mx\/fm\/wp-json\/wp\/v2\/types\/page"}],"author":[{"embeddable":true,"href":"https:\/\/www.first.org.mx\/fm\/wp-json\/wp\/v2\/users\/1"}],"replies":[{"embeddable":true,"href":"https:\/\/www.first.org.mx\/fm\/wp-json\/wp\/v2\/comments?post=3205"}],"version-history":[{"count":49,"href":"https:\/\/www.first.org.mx\/fm\/wp-json\/wp\/v2\/pages\/3205\/revisions"}],"predecessor-version":[{"id":3926,"href":"https:\/\/www.first.org.mx\/fm\/wp-json\/wp\/v2\/pages\/3205\/revisions\/3926"}],"wp:attachment":[{"href":"https:\/\/www.first.org.mx\/fm\/wp-json\/wp\/v2\/media?parent=3205"}],"curies":[{"name":"wp","href":"https:\/\/api.w.org\/{rel}","templated":true}]}}