{"id":3020,"date":"2024-09-26T08:12:59","date_gmt":"2024-09-26T14:12:59","guid":{"rendered":"https:\/\/www.first.org.mx\/fm\/?page_id=3020"},"modified":"2025-09-18T11:33:44","modified_gmt":"2025-09-18T17:33:44","slug":"lineamientos-oficiales-para-la-participacion-en-regionales-y-clasificacion-al-nacional-de-ftc-temporada-2024-2025-de-mexico","status":"publish","type":"page","link":"https:\/\/www.first.org.mx\/fm\/lineamientos-oficiales-para-la-participacion-en-regionales-y-clasificacion-al-nacional-de-ftc-temporada-2024-2025-de-mexico\/","title":{"rendered":"LINEAMIENTOS (Temporada 2024-2025)"},"content":{"rendered":"\t\t<div data-elementor-type=\"wp-page\" data-elementor-id=\"3020\" class=\"elementor elementor-3020\">\n\t\t\t\t\t\t<section class=\"elementor-section elementor-top-section elementor-element elementor-element-7d281c3a elementor-section-boxed elementor-section-height-default elementor-section-height-default\" data-id=\"7d281c3a\" data-element_type=\"section\" data-e-type=\"section\">\n\t\t\t\t\t\t<div class=\"elementor-container elementor-column-gap-default\">\n\t\t\t\t\t<div class=\"elementor-column elementor-col-100 elementor-top-column elementor-element elementor-element-6b8774a7\" data-id=\"6b8774a7\" data-element_type=\"column\" data-e-type=\"column\">\n\t\t\t<div class=\"elementor-widget-wrap elementor-element-populated\">\n\t\t\t\t\t\t<div class=\"elementor-element elementor-element-27ba8653 elementor-widget__width-initial elementor-widget elementor-widget-text-editor\" data-id=\"27ba8653\" data-element_type=\"widget\" data-e-type=\"widget\" data-widget_type=\"text-editor.default\">\n\t\t\t\t<div class=\"elementor-widget-container\">\n\t\t\t\t\t\t\t\t\t<h1>Lineamientos Oficiales para la Participaci\u00f3n en Regionales y Clasificaci\u00f3n al Nacional de FTC (Temporada 2025-2026) de M\u00e9xico.<\/h1><div>versi\u00f3n <strong>080925<\/strong><\/div><p><!-- \/wp:paragraph --><!-- wp:paragraph --><\/p><p><strong>1. Regionalizaci\u00f3n y Participaci\u00f3n Obligatoria:<\/strong><\/p><p><!-- \/wp:paragraph --><!-- wp:paragraph --><\/p><p>Con el objetivo de fortalecer y expandir la comunidad de FIRST Tech Challenge (FTC) en nuestro pa\u00eds, a partir de la temporada 2024-2025, todos los equipos deber\u00e1n competir en el evento regional correspondiente a la ubicaci\u00f3n geogr\u00e1fica de su direcci\u00f3n oficial registrada <strong>(HOME EVENT)<\/strong>. La distribuci\u00f3n de las regiones ser\u00e1 la siguiente:<\/p><p><!-- \/wp:paragraph --><!-- wp:list --><\/p><ul class=\"wp-block-list\"><li style=\"list-style-type: none;\"><ul class=\"wp-block-list\"><!-- wp:list-item --><\/ul><\/li><\/ul><ul class=\"wp-block-list\"><li style=\"list-style-type: none;\"><ul class=\"wp-block-list\"><li><a href=\"https:\/\/www.first.org.mx\/fm\/torneo-regional-ftc-monterrey-las-torres-16-y-17-de-enero-2026-tecmilenio\/\"><strong>Regional Monterrey:<\/strong><\/a> Nuevo Le\u00f3n, Tamaulipas, San Luis Potos\u00ed, Zacatecas (norte).<\/li><\/ul><\/li><\/ul><p><!-- \/wp:list-item --><!-- wp:list-item --><\/p><ul class=\"wp-block-list\"><li style=\"list-style-type: none;\"><ul class=\"wp-block-list\"><li><a href=\"https:\/\/www.first.org.mx\/fm\/torneo-regional-ftc-torreon-12-y-13-de-diciembre-colegio-cervantes\/\"><strong>Regional Laguna:<\/strong><\/a> Coahuila, Durango, Chihuahua, Sonora, Baja California (norte y sur).<\/li><\/ul><\/li><\/ul><p><!-- \/wp:list-item --><!-- wp:list-item --><\/p><ul class=\"wp-block-list\"><li style=\"list-style-type: none;\"><ul class=\"wp-block-list\"><li><strong><a href=\"https:\/\/www.first.org.mx\/fm\/torneo-regional-ftc-guadalajara-12-y-13-de-diciembre-tecmilenio\/\">Regional Guadalajara<\/a>:<\/strong> Zacatecas (sur), Colima, Nayarit, Jalisco, Michoac\u00e1n, Guanajuato, Aguascalientes, Sinaloa.<\/li><\/ul><\/li><\/ul><p><!-- \/wp:list-item --><!-- wp:list-item --><\/p><ul class=\"wp-block-list\"><li style=\"list-style-type: none;\"><ul class=\"wp-block-list\"><li><strong><a href=\"https:\/\/www.first.org.mx\/fm\/torneo-regional-ftc-cancun-28-y-29-de-noviembre-tecmilenio\/\">Regional Canc\u00fan<\/a>:<\/strong> Yucat\u00e1n, Tabasco, Chiapas, Quintana Roo, Campeche, Oaxaca.<\/li><\/ul><\/li><\/ul><p><!-- \/wp:list-item --><!-- wp:list-item --><\/p><ul class=\"wp-block-list\"><li style=\"list-style-type: none;\"><ul class=\"wp-block-list\"><li><strong>Regionales de la Megal\u00f3polis (<a href=\"https:\/\/www.first.org.mx\/fm\/torneo-regional-ftc-toluca-23-y-24-de-enero-tecmilenio\/\">Toluca<\/a>, <a href=\"https:\/\/www.first.org.mx\/fm\/torneo-regional-ftc-cdmx-5-y-6-de-diciembre-ccm-prepa-tec\/\">CDMX<\/a>, <a href=\"https:\/\/www.first.org.mx\/fm\/torneo-regional-ftc-cuautitlan-21-y-22-de-noviembre-tecmilenio\/\">Cuatitlan Izcalli<\/a>):<\/strong> Veracruz, Puebla, Guerrero, Morelos, Estado de M\u00e9xico, CDMX, Tlaxcala, Quer\u00e9taro, Hidalgo.<\/li><\/ul><\/li><\/ul><p><!-- \/wp:list-item --><\/p><p><!-- \/wp:list --><!-- wp:paragraph --><\/p><p>Los equipos ubicados dentro de la Megal\u00f3polis tendr\u00e1n la opci\u00f3n de elegir su primer regional, de acuerdo con la capacidad disponible en cada evento. Si desean participar en m\u00e1s de un regional, cualquier participaci\u00f3n adicional deber\u00e1 realizarse fuera de la Megal\u00f3polis. <i><a href=\"https:\/\/www.first.org.mx\/fm\/zonificacion-regionales-ftc\/\">-ver m\u00e1s informaci\u00f3n aqu\u00ed-<\/a><\/i><\/p><p><span style=\"color: #ff0000;\"><b>NOTA IMPORTANTE (01 octubre 2024). &#8220;Para esta temporada 2025-2026, por temas de inseguridad en las carreteras, los equipos podr\u00e1n seleccionar como <\/b><span style=\"text-decoration: underline;\"><b><\/b><b>HOME Event &amp;\u00a0<\/b><b><\/b><\/span><b><span style=\"text-decoration: underline;\"><em>SEGUNDO REGIONAL<\/em><\/span> el que mejor convenga a los intereses particulares de cada equipo.&#8221;\u00a0<\/b><\/span><\/p><p><!-- \/wp:paragraph --><!-- wp:paragraph --><\/p><p><strong>2. Requisitos para Clasificaci\u00f3n al Nacional:<\/strong><\/p><p><!-- \/wp:paragraph --><!-- wp:list --><\/p><ul class=\"wp-block-list\"><li style=\"list-style-type: none;\"><ul class=\"wp-block-list\"><!-- wp:list-item --><\/ul><\/li><\/ul><ul class=\"wp-block-list\"><li style=\"list-style-type: none;\"><ul class=\"wp-block-list\"><li>Los equipos podr\u00e1n obtener su clasificaci\u00f3n al Campeonato Nacional en cualquier regional en el que participen en territorio mexicano, siempre y cuando hayan cumplido con los siguientes requisitos:<!-- wp:list --><br \/><ul class=\"wp-block-list\"><li style=\"list-style-type: none;\"><ul class=\"wp-block-list\"><!-- wp:list-item --><\/ul><\/li><\/ul><ul class=\"wp-block-list\"><li style=\"list-style-type: none;\"><ul class=\"wp-block-list\"><li>Estar debidamente inscritos y registrados.<\/li><\/ul><\/li><\/ul><p><!-- \/wp:list-item --><!-- wp:list-item --><\/p><ul class=\"wp-block-list\"><li style=\"list-style-type: none;\"><ul class=\"wp-block-list\"><li>Haber participado en su regional geogr\u00e1fico correspondiente -HOME EVENT- previo el evento Nacional.<\/li><\/ul><\/li><\/ul><p><!-- \/wp:list-item --><\/p><p><!-- \/wp:list --><\/p><\/li><\/ul><\/li><\/ul><p><!-- \/wp:list-item --><!-- wp:list-item --><\/p><ul class=\"wp-block-list\"><li style=\"list-style-type: none;\"><ul class=\"wp-block-list\"><li>En caso de que el equipo participe en un regional diferente antes de su regional geogr\u00e1fico y obtenga un premio que le otorgue clasificaci\u00f3n al Nacional, dicha clasificaci\u00f3n solo ser\u00e1 v\u00e1lida si el equipo participa posteriormente en su regional geogr\u00e1fico -HOME EVENT-.<\/li><\/ul><\/li><\/ul><p><!-- \/wp:list-item --><\/p><p><!-- \/wp:list --><!-- wp:paragraph --><\/p><p><strong>3. Clasificaci\u00f3n al Nacional:<\/strong><\/p><p><!-- \/wp:paragraph --><!-- wp:list --><\/p><ul class=\"wp-block-list\"><li style=\"list-style-type: none;\"><ul class=\"wp-block-list\"><!-- wp:list-item --><\/ul><\/li><\/ul><ul class=\"wp-block-list\"><li style=\"list-style-type: none;\"><ul class=\"wp-block-list\"><li>\u201cLa clasificaci\u00f3n de los equipos al evento Nacional se definir\u00e1 con base en el sistema de puntajes establecido por la organizaci\u00f3n. Dicho sistema considera el desempe\u00f1o en los encuentros de competencia, as\u00ed como los reconocimientos y distinciones otorgados en cada regional. En consecuencia, el n\u00famero de equipos que avanzar\u00e1 al Nacional no estar\u00e1 sujeto a un porcentaje fijo de participaci\u00f3n, sino a la acumulaci\u00f3n de puntajes obtenidos conforme a los criterios oficiales de evaluaci\u00f3n. La definici\u00f3n detallada de este sistema se encuentra publicada en el <em data-start=\"650\" data-end=\"668\">Manual del Juego<\/em> correspondiente a la presente temporada.\u201d<\/li><\/ul><\/li><\/ul><p><!-- \/wp:list-item --><\/p><p><!-- \/wp:list --><!-- wp:paragraph --><\/p><p><strong>4. Costos de Registro a Regionales:<\/strong><\/p><p><!-- \/wp:paragraph --><!-- wp:list --><\/p><ul class=\"wp-block-list\"><li style=\"list-style-type: none;\"><ul class=\"wp-block-list\"><!-- wp:list-item --><\/ul><\/li><\/ul><ul class=\"wp-block-list\"><li style=\"list-style-type: none;\"><ul class=\"wp-block-list\"><li>El costo de inscripci\u00f3n para el primer regional (regional geogr\u00e1fico o home event) ser\u00e1 de <strong>$6,960 MXN<\/strong>. (IVA incluido, solo aplica a transferencia bancaria)<\/li><\/ul><\/li><\/ul><p><!-- \/wp:list-item --><!-- wp:list-item --><\/p><ul class=\"wp-block-list\"><li style=\"list-style-type: none;\"><ul class=\"wp-block-list\"><li>El costo de participaci\u00f3n en regionales adicionales ser\u00e1 de <strong>$3,500 MXN<\/strong> por evento.<\/li><\/ul><\/li><\/ul><p><!-- \/wp:list-item --><!-- wp:list-item --><\/p><ul class=\"wp-block-list\"><li style=\"list-style-type: none;\"><ul class=\"wp-block-list\"><li>El costo del Nacional para los equipos clasificados est\u00e1 incluido en el costo de inscripci\u00f3n para el primer regional.<\/li><\/ul><\/li><\/ul><p><!-- \/wp:list-item --><!-- wp:list-item --><\/p><ul class=\"wp-block-list\"><li style=\"list-style-type: none;\"><ul class=\"wp-block-list\"><li>Si el medio de pago es con tarjeta de cr\u00e9dito, se usar\u00e1 una plataforma de pagos y se tendr\u00e1 que considerar el costo administrativo adicional al costo base mostrado en estos lineamientos.<\/li><\/ul><\/li><\/ul><p><!-- \/wp:list-item --><!-- wp:list-item --><\/p><ul class=\"wp-block-list\"><li style=\"list-style-type: none;\"><ul class=\"wp-block-list\"><li>La <strong>fecha m\u00e1xima para el registro y pago<\/strong> ser\u00e1 el <a href=\"https:\/\/forms.gle\/RYGNbu13b26XVZXK6\"><u><b>31 de octubre 2025<\/b><\/u>\u00a0para el &#8220;<b>HOME EVENT<\/b>&#8220;<\/a> y para los regionales adicionales, <strong>ser\u00e1 tres semanas antes<\/strong> del inicio del regional en el que deseen participar.<\/li><\/ul><\/li><\/ul><p><!-- \/wp:list-item --><!-- wp:list-item --><\/p><ul class=\"wp-block-list\"><li style=\"list-style-type: none;\"><ul class=\"wp-block-list\"><li>En caso de que el equipo no haya completado el pago del registro correspondiente antes de la fecha l\u00edmite, <strong>no se permitir\u00e1 su participaci\u00f3n<\/strong> en dicho regional, y su inscripci\u00f3n ser\u00e1 anulada.<\/li><\/ul><\/li><\/ul><p><!-- \/wp:list-item --><\/p><p><!-- \/wp:list --><!-- wp:paragraph --><\/p><p><strong>5. Normas para la Participaci\u00f3n en Regionales:<\/strong><\/p><p><!-- \/wp:paragraph --><!-- wp:list --><\/p><ul class=\"wp-block-list\"><li style=\"list-style-type: none;\"><ul class=\"wp-block-list\"><!-- wp:list-item --><\/ul><\/li><\/ul><ul class=\"wp-block-list\"><li style=\"list-style-type: none;\"><ul class=\"wp-block-list\"><li>Cada equipo deber\u00e1 llevar al regional \u00fanicamente el material, refacciones, elementos de juego, y dem\u00e1s elementos necesarios que est\u00e9n contenidos dentro de su \u00e1rea de trabajo o &#8220;pit&#8221;.<\/li><\/ul><\/li><\/ul><p><!-- \/wp:list-item --><!-- wp:list-item --><\/p><ul class=\"wp-block-list\"><li style=\"list-style-type: none;\"><ul class=\"wp-block-list\"><li>Las dimensiones del \u00e1rea asignada a cada equipo en los pits, tanto en los regionales como en el evento nacional, ser\u00e1n de <strong>3&#215;3 metros<\/strong>.<\/li><\/ul><\/li><\/ul><p><!-- \/wp:list-item --><!-- wp:list-item --><\/p><ul class=\"wp-block-list\"><li style=\"list-style-type: none;\"><ul class=\"wp-block-list\"><li>Todos los equipos deber\u00e1n leer y estar al tanto de las actualizaciones y lineamientos establecidos en el <strong>Manual Oficial de FTC de la temporada \u201cInto the Deep\u201d<\/strong>, as\u00ed como cualquier otra normativa vigente aplicable a la competencia. El desconocimiento de los lineamientos no exime a los equipos de su cumplimiento, y cualquier incumplimiento ser\u00e1 sancionado conforme a las reglas establecidas en el manual.<\/li><\/ul><\/li><\/ul><p><!-- \/wp:list-item --><\/p><p><!-- \/wp:list --><!-- wp:paragraph --><\/p><p><strong>6. Nominaci\u00f3n a Dean\u2019s list finalist:<\/strong><\/p><p><!-- \/wp:paragraph --><!-- wp:list --><\/p><ul class=\"wp-block-list\"><li style=\"list-style-type: none;\"><ul class=\"wp-block-list\"><!-- wp:list-item --><\/ul><\/li><\/ul><ul class=\"wp-block-list\"><li style=\"list-style-type: none;\"><ul class=\"wp-block-list\"><li>Cada equipo podr\u00e1 nominar a dos candidatos a Dean\u2019s list, las nominaciones deber\u00e1n subirse antes del 31 de octubre, no se aceptaran nominaciones fuera de esta fecha.<\/li><\/ul><\/li><\/ul><p><!-- \/wp:list-item --><\/p><p><!-- \/wp:list --><!-- wp:paragraph --><\/p><p><!-- \/wp:paragraph --><\/p>\t\t\t\t\t\t\t\t<\/div>\n\t\t\t\t<\/div>\n\t\t\t\t\t<\/div>\n\t\t<\/div>\n\t\t\t\t\t<\/div>\n\t\t<\/section>\n\t\t\t\t<section class=\"elementor-section elementor-top-section elementor-element elementor-element-6cc7a60 elementor-section-boxed elementor-section-height-default elementor-section-height-default\" data-id=\"6cc7a60\" data-element_type=\"section\" data-e-type=\"section\">\n\t\t\t\t\t\t<div class=\"elementor-container elementor-column-gap-default\">\n\t\t\t\t\t<div class=\"elementor-column elementor-col-100 elementor-top-column elementor-element elementor-element-fa378bb\" data-id=\"fa378bb\" data-element_type=\"column\" data-e-type=\"column\">\n\t\t\t<div class=\"elementor-widget-wrap elementor-element-populated\">\n\t\t\t\t\t\t<div class=\"elementor-element elementor-element-c29b0a3 elementor-widget elementor-widget-rt-event\" data-id=\"c29b0a3\" data-element_type=\"widget\" data-e-type=\"widget\" data-widget_type=\"rt-event.default\">\n\t\t\t\t<div class=\"elementor-widget-container\">\n\t\t\t\t\t<div class=\"rt-vc-event-box rt-event-block-wrapper\">\n\t        <div class=\"rtin-item\">No Events Available<\/div>\n\t\t<\/div>\t\t\t\t<\/div>\n\t\t\t\t<\/div>\n\t\t\t\t\t<\/div>\n\t\t<\/div>\n\t\t\t\t\t<\/div>\n\t\t<\/section>\n\t\t\t\t<\/div>\n\t\t","protected":false},"excerpt":{"rendered":"<p>Lineamientos Oficiales para la Participaci\u00f3n en Regionales y Clasificaci\u00f3n al Nacional de FTC (Temporada 2025-2026) de M\u00e9xico. versi\u00f3n 080925 1. [&hellip;]<\/p>\n","protected":false},"author":1,"featured_media":0,"parent":0,"menu_order":0,"comment_status":"closed","ping_status":"closed","template":"","meta":{"footnotes":""},"class_list":["post-3020","page","type-page","status-publish","hentry"],"_links":{"self":[{"href":"https:\/\/www.first.org.mx\/fm\/wp-json\/wp\/v2\/pages\/3020","targetHints":{"allow":["GET"]}}],"collection":[{"href":"https:\/\/www.first.org.mx\/fm\/wp-json\/wp\/v2\/pages"}],"about":[{"href":"https:\/\/www.first.org.mx\/fm\/wp-json\/wp\/v2\/types\/page"}],"author":[{"embeddable":true,"href":"https:\/\/www.first.org.mx\/fm\/wp-json\/wp\/v2\/users\/1"}],"replies":[{"embeddable":true,"href":"https:\/\/www.first.org.mx\/fm\/wp-json\/wp\/v2\/comments?post=3020"}],"version-history":[{"count":52,"href":"https:\/\/www.first.org.mx\/fm\/wp-json\/wp\/v2\/pages\/3020\/revisions"}],"predecessor-version":[{"id":3942,"href":"https:\/\/www.first.org.mx\/fm\/wp-json\/wp\/v2\/pages\/3020\/revisions\/3942"}],"wp:attachment":[{"href":"https:\/\/www.first.org.mx\/fm\/wp-json\/wp\/v2\/media?parent=3020"}],"curies":[{"name":"wp","href":"https:\/\/api.w.org\/{rel}","templated":true}]}}