{"id":2166,"date":"2022-11-01T00:57:08","date_gmt":"2022-11-01T00:57:08","guid":{"rendered":"https:\/\/www.first.org.mx\/fm\/?page_id=2166"},"modified":"2025-08-28T14:17:56","modified_gmt":"2025-08-28T20:17:56","slug":"costo-y-registro","status":"publish","type":"page","link":"https:\/\/www.first.org.mx\/fm\/costo-y-registro\/","title":{"rendered":"Costo y Registro"},"content":{"rendered":"\t\t<div data-elementor-type=\"wp-page\" data-elementor-id=\"2166\" class=\"elementor elementor-2166\">\n\t\t\t\t\t\t<section class=\"elementor-section elementor-top-section elementor-element elementor-element-7ee1ea26 elementor-section-boxed elementor-section-height-default elementor-section-height-default\" data-id=\"7ee1ea26\" data-element_type=\"section\" data-e-type=\"section\">\n\t\t\t\t\t\t<div class=\"elementor-container elementor-column-gap-default\">\n\t\t\t\t\t<div class=\"elementor-column elementor-col-100 elementor-top-column elementor-element elementor-element-1c440e60\" data-id=\"1c440e60\" data-element_type=\"column\" data-e-type=\"column\">\n\t\t\t<div class=\"elementor-widget-wrap elementor-element-populated\">\n\t\t\t\t\t\t<div class=\"elementor-element elementor-element-3f41dd70 elementor-widget elementor-widget-text-editor\" data-id=\"3f41dd70\" data-element_type=\"widget\" data-e-type=\"widget\" data-widget_type=\"text-editor.default\">\n\t\t\t\t<div class=\"elementor-widget-container\">\n\t\t\t\t\t\t\t\t\t<p><\/p>\n<p>Las emocionantes competencias de rob\u00f3tica de FIRST\u00ae Tech Challenge ayudan a los estudiantes a desarrollar una sensaci\u00f3n de logro y la comprensi\u00f3n de que pueden hacer cualquier cosa con sus habilidades colectivas, liderazgo y confianza, y que su experiencia tendr\u00e1 un impacto positivo en su futuro y los llevar\u00e1 m\u00e1s lejos que cualquier otro deporte.<\/p>\n<p><\/p>\n<p><strong>TEMPORADA DE COMPETENCIAS.<\/strong><\/p>\n<p><\/p>\n<p>Para participar en la temporada de competencias FTC M\u00e9xico, se debe realizar los siguientes pasos:<\/p>\n<p><\/p>\n<div class=\"wp-block-columns are-vertically-aligned-center is-layout-flex wp-container-core-columns-is-layout-9d6595d7 wp-block-columns-is-layout-flex\">\n<p><\/p>\n<div class=\"wp-block-column is-layout-flow wp-block-column-is-layout-flow\" style=\"flex-basis: 33.33%;\">\n<p><\/p>\n<figure class=\"wp-block-image size-full\"><img fetchpriority=\"high\" decoding=\"async\" width=\"349\" height=\"222\" class=\"wp-image-2788\" src=\"https:\/\/www.first.org.mx\/fm\/wp-content\/uploads\/2023\/10\/icon-paso1.png\" alt=\"\" srcset=\"https:\/\/www.first.org.mx\/fm\/wp-content\/uploads\/2023\/10\/icon-paso1.png 349w, https:\/\/www.first.org.mx\/fm\/wp-content\/uploads\/2023\/10\/icon-paso1-300x191.png 300w\" sizes=\"(max-width: 349px) 100vw, 349px\" \/><\/figure>\n<p><\/p>\n<\/div>\n<p><\/p>\n<div class=\"wp-block-column is-layout-flow wp-block-column-is-layout-flow\" style=\"flex-basis: 66.66%;\">\n<p><\/p>\n<p class=\"has-medium-font-size\">Se debe registrarse o re-activar el equipo para la nueva temporada en FIRST (<a href=\"https:\/\/my.firstinspires.org\/AccountManager\/Account\/Register\">https:\/\/my.firstinspires.org\/AccountManager\/Account\/Register<\/a>)<\/p>\n<p><\/p>\n<p>La inscripci\u00f3n para esta temporada tiene un costo de <strong>$325.00 dlls.<\/strong> Este pago solo da derecho a estar activo en la comunidad como equipo oficial. <em>&#8220;En caso de contar ya con n\u00famero de equipo solo debe activarlo para la temporada.&#8221;<\/em><\/p>\n<p><\/p>\n<\/div>\n<p><\/p>\n<\/div>\n<p><\/p>\n<hr class=\"wp-block-separator has-alpha-channel-opacity\" \/>\n<p><\/p>\n<div class=\"wp-block-columns is-layout-flex wp-container-core-columns-is-layout-9d6595d7 wp-block-columns-is-layout-flex\">\n<p><\/p>\n<div class=\"wp-block-column is-layout-flow wp-block-column-is-layout-flow\" style=\"flex-basis: 33.33%;\">\n<p><\/p>\n<figure class=\"wp-block-image size-full\"><img decoding=\"async\" width=\"349\" height=\"222\" class=\"wp-image-2789\" src=\"https:\/\/www.first.org.mx\/fm\/wp-content\/uploads\/2023\/10\/icon-paso2.png\" alt=\"\" srcset=\"https:\/\/www.first.org.mx\/fm\/wp-content\/uploads\/2023\/10\/icon-paso2.png 349w, https:\/\/www.first.org.mx\/fm\/wp-content\/uploads\/2023\/10\/icon-paso2-300x191.png 300w\" sizes=\"(max-width: 349px) 100vw, 349px\" \/><\/figure>\n<p><\/p>\n<\/div>\n<p><\/p>\n<div class=\"wp-block-column is-layout-flow wp-block-column-is-layout-flow\" style=\"flex-basis: 66.66%;\">\n<p><\/p>\n<p>Se debe realizar un pago de <strong>$7,560.00 pesos<\/strong>.\u00a0<em>(IVA incluido)<\/em> para participar en la temporada de competencias FTC en M\u00e9xico.<\/p>\n<p><\/p>\n<p>El pago es mediante transferencia bancaria o dep\u00f3sito bancario.<\/p>\n<p><\/p>\n<p><strong><u>Informaci\u00f3n para pago.<\/u><\/strong><\/p>\n<p><\/p>\n<p class=\"has-small-font-size\"><strong>\u00a0 \u00a0 \u00a0 \u00a0 \u00a0 Nombre:\u00a0<\/strong>Mind Gear S.A. de C.V.<\/p>\n<p><\/p>\n<p class=\"has-small-font-size\"><strong>\u00a0 \u00a0 \u00a0 \u00a0 \u00a0 Banco:\u00a0<\/strong>BBVA<\/p>\n<p><\/p>\n<p class=\"has-small-font-size\"><strong>\u00a0 \u00a0 \u00a0 \u00a0 \u00a0 Cuenta:\u00a0<\/strong>0111005197<\/p>\n<p><\/p>\n<p class=\"has-small-font-size\"><strong>\u00a0 \u00a0 \u00a0 \u00a0 \u00a0 CLABE:\u00a0<\/strong>012 180 00111005197 9<\/p>\n<p><\/p>\n<p class=\"has-small-font-size\"><strong>IMPORTANTE\u00a0<\/strong>capturar el\u00a0<em>n\u00famero de equipo<\/em>\u00a0en el campo de<strong>\u00a0\u201cREFERENCIA\u201d<\/strong><\/p>\n<p><\/p>\n<\/div>\n<p><\/p>\n<\/div>\n<p><\/p>\n<div class=\"wp-block-columns is-layout-flex wp-container-core-columns-is-layout-9d6595d7 wp-block-columns-is-layout-flex\">\n<p><\/p>\n<div class=\"wp-block-column is-layout-flow wp-block-column-is-layout-flow\" style=\"flex-basis: 33.33%;\">\n<p><\/p>\n<figure class=\"wp-block-image size-full\"><img decoding=\"async\" width=\"349\" height=\"222\" class=\"wp-image-2792\" src=\"https:\/\/www.first.org.mx\/fm\/wp-content\/uploads\/2023\/10\/icon-paso3.png\" alt=\"\" srcset=\"https:\/\/www.first.org.mx\/fm\/wp-content\/uploads\/2023\/10\/icon-paso3.png 349w, https:\/\/www.first.org.mx\/fm\/wp-content\/uploads\/2023\/10\/icon-paso3-300x191.png 300w\" sizes=\"(max-width: 349px) 100vw, 349px\" \/><\/figure>\n<p><\/p>\n<\/div>\n<p><\/p>\n<div class=\"wp-block-column is-layout-flow wp-block-column-is-layout-flow\" style=\"flex-basis: 66.66%;\">\n<p><\/p>\n<p>Una vez realizado el pago, debe aplicar a uno de los regionales m\u00e1s cercanos a la sede del equipo aplicando en el siguiente formulario https:\/\/ (por liberar) (<em>recuerde enviar la ficha del deposito o transferencia<\/em> en el formulario).<\/p>\n<p><\/p>\n<\/div>\n<p><\/p>\n<\/div>\n<p><\/p>\n<div class=\"wp-block-columns is-layout-flex wp-container-core-columns-is-layout-9d6595d7 wp-block-columns-is-layout-flex\">\n<p><\/p>\n<div class=\"wp-block-column is-layout-flow wp-block-column-is-layout-flow\" style=\"flex-basis: 33.33%;\">\n<p><\/p>\n<figure class=\"wp-block-image size-full\"><img loading=\"lazy\" decoding=\"async\" width=\"512\" height=\"512\" class=\"wp-image-2797\" src=\"https:\/\/www.first.org.mx\/fm\/wp-content\/uploads\/2023\/10\/important.png\" alt=\"\" srcset=\"https:\/\/www.first.org.mx\/fm\/wp-content\/uploads\/2023\/10\/important.png 512w, https:\/\/www.first.org.mx\/fm\/wp-content\/uploads\/2023\/10\/important-300x300.png 300w, https:\/\/www.first.org.mx\/fm\/wp-content\/uploads\/2023\/10\/important-150x150.png 150w, https:\/\/www.first.org.mx\/fm\/wp-content\/uploads\/2023\/10\/important-92x92.png 92w, https:\/\/www.first.org.mx\/fm\/wp-content\/uploads\/2023\/10\/important-200x200.png 200w\" sizes=\"(max-width: 512px) 100vw, 512px\" \/><\/figure>\n<p><\/p>\n<\/div>\n<p><\/p>\n<div class=\"wp-block-column is-layout-flow wp-block-column-is-layout-flow\" style=\"flex-basis: 66.66%;\">\n<p><\/p>\n<p>Los equipos que as\u00ed lo quieran, podr\u00e1n participar en m\u00e1s de un regional, para vivir la experiencia FIRST una vez m\u00e1s, conocer m\u00e1s equipos y practicar m\u00e1s.<\/p>\n<p><\/p>\n<p>Tambien podr\u00e1n buscar clasificar al nacional.<\/p>\n<p><\/p>\n<p>El costo del segundo regional es de <strong>$3,780.00 pesos <em>(IVA incluido)<\/em><\/strong>, en la misma <strong>cuenta descrita en el punto #2<\/strong>. <em>(los equipos podr\u00e1n participar en cuantos regionales puedan)<\/em>.<\/p>\n<p><\/p>\n<p>Para aplicar es necesario realizar <strong>un registro por equipo y por regional<\/strong> y aplicarlo en esta formulario junto con la evidencia del pago https:\/\/ (por liberar)<\/p>\n<p><\/p>\n<\/div>\n<p><\/p>\n<\/div>\n<p><\/p>\n<p><strong>La inscripci\u00f3n de tu equipo de temporada incluye:<\/strong><\/p>\n<p><\/p>\n<ul class=\"wp-block-list\">\n<li style=\"list-style-type: none;\">\n<ul class=\"wp-block-list\"><\/ul>\n<\/li>\n<\/ul>\n<ul class=\"wp-block-list\">\n<li style=\"list-style-type: none;\">\n<ul class=\"wp-block-list\">\n<li>N\u00famero oficial del equipo FIRST Tech Challenge<\/li>\n<\/ul>\n<\/li>\n<\/ul>\n<p><\/p>\n<p><\/p>\n<ul class=\"wp-block-list\">\n<li style=\"list-style-type: none;\">\n<ul class=\"wp-block-list\"><\/ul>\n<\/li>\n<\/ul>\n<ul class=\"wp-block-list\">\n<li style=\"list-style-type: none;\">\n<ul class=\"wp-block-list\">\n<li>Posibilidad de registrarse y competir en eventos FIRST Tech Challenge oficiales remotos o en persona (var\u00eda seg\u00fan la regi\u00f3n)<\/li>\n<\/ul>\n<\/li>\n<\/ul>\n<p><\/p>\n<p><\/p>\n<ul class=\"wp-block-list\">\n<li style=\"list-style-type: none;\">\n<ul class=\"wp-block-list\"><\/ul>\n<\/li>\n<\/ul>\n<ul class=\"wp-block-list\">\n<li style=\"list-style-type: none;\">\n<ul class=\"wp-block-list\">\n<li>Acceso a la tienda FIRST para obtener descuentos en componentes del sistema de control y kit de piezas de robot<\/li>\n<\/ul>\n<\/li>\n<\/ul>\n<p><\/p>\n<ul class=\"wp-block-list\">\n<li style=\"list-style-type: none;\">\n<ul class=\"wp-block-list\">\n<li>Acceso a recursos para la gesti\u00f3n de equipos y la preparaci\u00f3n profesional<\/li>\n<\/ul>\n<\/li>\n<\/ul>\n<p><\/p>\n<ul class=\"wp-block-list\">\n<li style=\"list-style-type: none;\">\n<ul class=\"wp-block-list\">\n<li>Capacidad para competir por los premios del equipo y el premio FIRST Tech Challenge Dean&#8217;s List<\/li>\n<\/ul>\n<\/li>\n<\/ul>\n<p><\/p>\n<p><\/p>\n<ul class=\"wp-block-list\">\n<li style=\"list-style-type: none;\">\n<ul class=\"wp-block-list\"><\/ul>\n<\/li>\n<\/ul>\n<ul class=\"wp-block-list\">\n<li style=\"list-style-type: none;\">\n<ul class=\"wp-block-list\">\n<li>Los miembros del equipo y los ex alumnos acceden a oportunidades de descubrimiento de carreras, redes y el programa de becas FIRST.<\/li>\n<\/ul>\n<\/li>\n<\/ul>\n<p><\/p>\n<p><\/p>\n<ul class=\"wp-block-list\">\n<li style=\"list-style-type: none;\">\n<ul class=\"wp-block-list\"><\/ul>\n<\/li>\n<\/ul>\n<ul class=\"wp-block-list\">\n<li style=\"list-style-type: none;\">\n<ul class=\"wp-block-list\">\n<li>Los equipos registrados tambi\u00e9n reciben acceso gratuito a las herramientas y recursos de recaudaci\u00f3n de fondos FIRST para ayudar a los equipos a crear sus propias oportunidades. Muchas corporaciones tambi\u00e9n pueden ofrecer subvenciones y patrocinios basados en las necesidades para los equipos a nivel local, regional y nacional.<\/li>\n<\/ul>\n<\/li>\n<\/ul>\n<p><\/p>\n<p><\/p>\n<p><\/p>\n<blockquote class=\"wp-block-quote is-layout-flow wp-block-quote-is-layout-flow\">\n<p><\/p>\n<p>Los nuevos equipos de FIRST Tech Challenge que se registren a trav\u00e9s del FIRST Dashboard* para la temporada 2024-2025 pueden realizar un pedido del Control Hub** y comprar los dem\u00e1s elementos del kit de rob\u00f3tica a trav\u00e9s de FIRST Tech Challenge Storefront y comenzar a dise\u00f1ar y construir su robot.<\/p>\n<p><\/p>\n<\/blockquote>\n<p><\/p>\n<p><\/p>\n<p><\/p>\t\t\t\t\t\t\t\t<\/div>\n\t\t\t\t<\/div>\n\t\t\t\t\t<\/div>\n\t\t<\/div>\n\t\t\t\t\t<\/div>\n\t\t<\/section>\n\t\t\t\t<\/div>\n\t\t","protected":false},"excerpt":{"rendered":"<p>Las emocionantes competencias de rob\u00f3tica de FIRST\u00ae Tech Challenge ayudan a los estudiantes a desarrollar una sensaci\u00f3n de logro y [&hellip;]<\/p>\n","protected":false},"author":1,"featured_media":0,"parent":0,"menu_order":0,"comment_status":"open","ping_status":"closed","template":"","meta":{"footnotes":""},"class_list":["post-2166","page","type-page","status-publish","hentry"],"_links":{"self":[{"href":"https:\/\/www.first.org.mx\/fm\/wp-json\/wp\/v2\/pages\/2166","targetHints":{"allow":["GET"]}}],"collection":[{"href":"https:\/\/www.first.org.mx\/fm\/wp-json\/wp\/v2\/pages"}],"about":[{"href":"https:\/\/www.first.org.mx\/fm\/wp-json\/wp\/v2\/types\/page"}],"author":[{"embeddable":true,"href":"https:\/\/www.first.org.mx\/fm\/wp-json\/wp\/v2\/users\/1"}],"replies":[{"embeddable":true,"href":"https:\/\/www.first.org.mx\/fm\/wp-json\/wp\/v2\/comments?post=2166"}],"version-history":[{"count":15,"href":"https:\/\/www.first.org.mx\/fm\/wp-json\/wp\/v2\/pages\/2166\/revisions"}],"predecessor-version":[{"id":3813,"href":"https:\/\/www.first.org.mx\/fm\/wp-json\/wp\/v2\/pages\/2166\/revisions\/3813"}],"wp:attachment":[{"href":"https:\/\/www.first.org.mx\/fm\/wp-json\/wp\/v2\/media?parent=2166"}],"curies":[{"name":"wp","href":"https:\/\/api.w.org\/{rel}","templated":true}]}}