{"id":2164,"date":"2022-11-01T00:51:32","date_gmt":"2022-11-01T00:51:32","guid":{"rendered":"https:\/\/www.first.org.mx\/fm\/?page_id=2164"},"modified":"2022-11-01T01:06:52","modified_gmt":"2022-11-01T01:06:52","slug":"que-es-el-first-tech-challenge","status":"publish","type":"page","link":"https:\/\/www.first.org.mx\/fm\/que-es-el-first-tech-challenge\/","title":{"rendered":"\u00bfQu\u00e9 es el FIRST Tech Challenge?"},"content":{"rendered":"<section class=\"wpb-content-wrapper\"><p>[vc_row][vc_column][vc_column_text]<\/p>\n<p>Es mucho m\u00e1s que construir robots. Los equipos de FIRST\u00a0Tech Challenge (hasta 15 miembros del equipo, grados 7-12) tienen el desaf\u00edo de dise\u00f1ar, construir, programar y operar robots para competir en un desaf\u00edo cara a cara en un formato de alianza.<\/p>\n<p>Guiados por entrenadores y mentores adultos, los estudiantes desarrollan habilidades STEM y practican principios de ingenier\u00eda, mientras se dan cuenta del valor del trabajo duro, la innovaci\u00f3n y el trabajo en equipo.<\/p>\n<p>El kit de robot se puede reutilizar a\u00f1o tras a\u00f1o y se puede codificar usando una variedad de niveles de programaci\u00f3n basada en Java. Los equipos dise\u00f1an y construyen robots, recaudan fondos, dise\u00f1an y comercializan la marca de su equipo, y se comunican con la comunidad para ganar premios espec\u00edficos. Los participantes son elegibles para solicitar m\u00e1s de $80 millones en becas universitarias.<\/p>\n<p>Cada temporada concluye con eventos de campeonatos regionales y un emocionante <a href=\"https:\/\/firstchampionship.org\/?__hstc=212927755.71b216fa28eee9cf3e0aa5fe905d0860.1667007529472.1667221874802.1667263611026.7&amp;__hssc=212927755.2.1667263611026&amp;__hsfp=4001367522\" target=\"_blank\" rel=\"noreferrer noopener\"><em>FIRST\u00a0<\/em>Championship.<\/a><\/p>\n<p>[\/vc_column_text][\/vc_column][\/vc_row][vc_row][vc_column][vc_video link=&#8221;https:\/\/www.youtube.com\/watch?v=y5NPp_5KHuk&#8221;][\/vc_column][\/vc_row]<\/p>\n<\/section>","protected":false},"excerpt":{"rendered":"<p>[vc_row][vc_column][vc_column_text] Es mucho m\u00e1s que construir robots. Los equipos de FIRST\u00a0Tech Challenge (hasta 15 miembros del equipo, grados 7-12) tienen [&hellip;]<\/p>\n","protected":false},"author":1,"featured_media":0,"parent":0,"menu_order":0,"comment_status":"closed","ping_status":"closed","template":"","meta":{"footnotes":""},"class_list":["post-2164","page","type-page","status-publish","hentry"],"_links":{"self":[{"href":"https:\/\/www.first.org.mx\/fm\/wp-json\/wp\/v2\/pages\/2164","targetHints":{"allow":["GET"]}}],"collection":[{"href":"https:\/\/www.first.org.mx\/fm\/wp-json\/wp\/v2\/pages"}],"about":[{"href":"https:\/\/www.first.org.mx\/fm\/wp-json\/wp\/v2\/types\/page"}],"author":[{"embeddable":true,"href":"https:\/\/www.first.org.mx\/fm\/wp-json\/wp\/v2\/users\/1"}],"replies":[{"embeddable":true,"href":"https:\/\/www.first.org.mx\/fm\/wp-json\/wp\/v2\/comments?post=2164"}],"version-history":[{"count":3,"href":"https:\/\/www.first.org.mx\/fm\/wp-json\/wp\/v2\/pages\/2164\/revisions"}],"predecessor-version":[{"id":2173,"href":"https:\/\/www.first.org.mx\/fm\/wp-json\/wp\/v2\/pages\/2164\/revisions\/2173"}],"wp:attachment":[{"href":"https:\/\/www.first.org.mx\/fm\/wp-json\/wp\/v2\/media?parent=2164"}],"curies":[{"name":"wp","href":"https:\/\/api.w.org\/{rel}","templated":true}]}}