{"id":2160,"date":"2022-11-01T00:52:54","date_gmt":"2022-11-01T00:52:54","guid":{"rendered":"https:\/\/www.first.org.mx\/fm\/?page_id=2160"},"modified":"2022-11-01T00:52:56","modified_gmt":"2022-11-01T00:52:56","slug":"inicie-un-equipo-first-tech-challenge","status":"publish","type":"page","link":"https:\/\/www.first.org.mx\/fm\/inicie-un-equipo-first-tech-challenge\/","title":{"rendered":"Inicie un equipo FIRST Tech Challenge"},"content":{"rendered":"\n<p>Los equipos de FIRST Tech Challenge dise\u00f1an y construyen un robot utilizando un kit de piezas reutilizables y compiten dentro de un conjunto com\u00fan de reglas de juego para jugar un juego de campo emocionante y completar el desaf\u00edo de temporada espec\u00edfico. \u00a1El juego de robots cambia cada temporada y siempre es genial!<\/p>\n\n\n\n<p>Se alienta a los miembros del equipo de estudiantes y adultos a que traigan las habilidades que ya tienen, como programaci\u00f3n, electr\u00f3nica, metalurgia, dise\u00f1o gr\u00e1fico, creaci\u00f3n web, oratoria, videograf\u00eda y muchas m\u00e1s. FIRST Tech Challenge da la bienvenida a todos los estudiantes, con o sin habilidades especiales.<\/p>\n\n\n\n<p>Si est\u00e1 buscando incorporar FIRST en su sal\u00f3n de clases o programaci\u00f3n extracurricular, obtenga m\u00e1s informaci\u00f3n sobre FIRST Class Pack, una opci\u00f3n de implementaci\u00f3n flexible para hasta 24 estudiantes.<\/p>\n\n\n\n<p>Pasos esenciales para formar un equipo FIRST Tech Challenge<\/p>\n\n\n\n<p>Reunir recursos de apoyo<br>Familiar\u00edcese con FIRST Tech Challenge revisando los materiales en nuestro sitio web y p\u00e1ginas de redes sociales. A continuaci\u00f3n, localice al socio de implementaci\u00f3n del programa de su regi\u00f3n o al mentor s\u00e9nior FIRST. Estas personas conocen los equipos FIRST, las escuelas participantes y las empresas amigas de FIRST en su \u00e1rea. \u00c9l o ella puede ayudarlo a formar un plan para que su equipo est\u00e9 financiado, organizado y en contacto con otros equipos en el \u00e1rea.<\/p>\n\n\n\n<p>Recursos de gesti\u00f3n de equipos<br>P\u00f3ngase en contacto con el soporte local<\/p>\n\n\n\n<p>Reclute entrenadores y mentores<br>Cada equipo necesita dos o m\u00e1s entrenadores\/mentores principales adultos que est\u00e9n dispuestos y motivados para entrenar al equipo durante la temporada de construcci\u00f3n y competencia y m\u00e1s all\u00e1. Otros adultos pueden ofrecerse como voluntarios para ayudar con la administraci\u00f3n, la recaudaci\u00f3n de fondos, el alcance comunitario, las habilidades t\u00e9cnicas y otras tareas. La mayor\u00eda de los equipos se re\u00fanen una o dos veces por semana durante la temporada de construcci\u00f3n y competici\u00f3n, que normalmente va de septiembre a enero, seg\u00fan la regi\u00f3n.<\/p>\n\n\n\n<p>Manual del mentor<\/p>\n\n\n\n<p>Reg\u00edstrese y pague<br>Una vez registrado, su equipo se convierte en parte de la comunidad mundial FIRST Tech Challenge. Comenzar\u00e1 a recibir comunicaciones de FIRST, junto con un n\u00famero de equipo temporal en preparaci\u00f3n para el registro del evento en el oto\u00f1o. Parte del proceso de registro incluye ordenar el kit de partes y completar el pago. (Tenga en cuenta que, hasta que haga clic en enviar, no est\u00e1 comprometido a convertirse en un equipo).<\/p>\n\n\n\n<p>Cree\/inicie sesi\u00f3n en su PRIMERA cuenta<br>Mire nuestro video tutorial paso a paso para crear un registro de equipo<br>Consulta las ayudas disponibles<\/p>\n\n\n\n<p>Construye tu equipo<br>Encuentre e invite a algunos estudiantes (m\u00e1ximo 15) que quieran ser parte de un equipo de rob\u00f3tica. Aseg\u00farese de enfatizar que no se requieren habilidades t\u00e9cnicas, solo entusiasmo y voluntad de aprender. Reclute todo tipo de talentos, no solo ingenieros y el\u00e9ctricos.<\/p>\n\n\n\n<p>Manual del mentor<\/p>\n\n\n\n<p>recaudaci\u00f3n de fondos<br>Su equipo deber\u00e1 elaborar un presupuesto y financiar sus objetivos. Reclute negocios locales para que lo patrocinen. Es posible que algunos de ellos ya tengan una relaci\u00f3n con FIRST. Tambi\u00e9n tenemos muchas oportunidades de recaudaci\u00f3n de fondos que puede explorar, incluidas subvenciones para ambos equipos novatos.<\/p>\n\n\n\n<p>Ejemplo de presupuesto de equipo<br>Subsidios<br>Gu\u00eda de recaudaci\u00f3n de fondos<\/p>\n\n\n\n<p>Revisar los recursos del mentor y del equipo<br>Parte de la diversi\u00f3n es dise\u00f1ar y construir su robot y FIRST proporciona una gran cantidad de informaci\u00f3n en nuestra Biblioteca de recursos para ayudarlo. Encuentre de todo, desde gu\u00edas t\u00e9cnicas hasta ideas para recaudar fondos y videos de construcci\u00f3n \u00fatiles.<\/p>\n\n\n\n<p>Recursos de gesti\u00f3n de equipos<br>Recursos de construcci\u00f3n de robots<br>Recursos de programaci\u00f3n de robots<br>Con\u00e9ctese con la comunidad FIRST Tech Challenge<\/p>\n\n\n\n<p>FIRST no empareja j\u00f3venes con equipos existentes debido a nuestra pol\u00edtica de privacidad. Los equipos se forman en las comunidades locales y se reclutan seg\u00fan sea necesario. Alentamos a aquellos que buscan un equipo a que se comuniquen con las escuelas, bibliotecas u organizaciones juveniles locales que puedan tener un equipo o inter\u00e9s en iniciar uno. Una b\u00fasqueda en l\u00ednea tambi\u00e9n puede ser \u00fatil, ya que algunos equipos comparten informaci\u00f3n de contacto a trav\u00e9s de sitios web y p\u00e1ginas de redes sociales.<\/p>\n","protected":false},"excerpt":{"rendered":"<p>Los equipos de FIRST Tech Challenge dise\u00f1an y construyen un robot utilizando un kit de piezas reutilizables y compiten dentro [&hellip;]<\/p>\n","protected":false},"author":1,"featured_media":0,"parent":0,"menu_order":0,"comment_status":"closed","ping_status":"closed","template":"","meta":{"footnotes":""},"class_list":["post-2160","page","type-page","status-publish","hentry"],"_links":{"self":[{"href":"https:\/\/www.first.org.mx\/fm\/wp-json\/wp\/v2\/pages\/2160","targetHints":{"allow":["GET"]}}],"collection":[{"href":"https:\/\/www.first.org.mx\/fm\/wp-json\/wp\/v2\/pages"}],"about":[{"href":"https:\/\/www.first.org.mx\/fm\/wp-json\/wp\/v2\/types\/page"}],"author":[{"embeddable":true,"href":"https:\/\/www.first.org.mx\/fm\/wp-json\/wp\/v2\/users\/1"}],"replies":[{"embeddable":true,"href":"https:\/\/www.first.org.mx\/fm\/wp-json\/wp\/v2\/comments?post=2160"}],"version-history":[{"count":2,"href":"https:\/\/www.first.org.mx\/fm\/wp-json\/wp\/v2\/pages\/2160\/revisions"}],"predecessor-version":[{"id":2163,"href":"https:\/\/www.first.org.mx\/fm\/wp-json\/wp\/v2\/pages\/2160\/revisions\/2163"}],"wp:attachment":[{"href":"https:\/\/www.first.org.mx\/fm\/wp-json\/wp\/v2\/media?parent=2160"}],"curies":[{"name":"wp","href":"https:\/\/api.w.org\/{rel}","templated":true}]}}